{"id":28,"date":"2022-10-15T15:28:11","date_gmt":"2022-10-15T15:28:11","guid":{"rendered":"https:\/\/dima.legal\/?page_id=28"},"modified":"2023-07-04T08:12:06","modified_gmt":"2023-07-04T08:12:06","slug":"despre-noi","status":"publish","type":"page","link":"https:\/\/dima.legal\/index.php\/despre-noi\/","title":{"rendered":"Despre noi"},"content":{"rendered":"\n<div class=\"wp-block-columns is-layout-flex wp-container-core-columns-is-layout-28f84493 wp-block-columns-is-layout-flex\">\n<div class=\"wp-block-column is-layout-flow wp-block-column-is-layout-flow\">\n<div class=\"wp-block-ive-ibtana-visual-editorheading\"><div class=\"ive-advanced-text-wrap ive-div-advance-text_8e9b0a-37 undefined text-center text-md-center text-lg-center text-xl-center\"><h2 class=\"ive-heading-parent undefined ive-advanced-text-inner-wrap ive-adv-advance-text_8e9b0a-37 ive-lh-xs-30 ive-lh-sm-30 ive-lh-md-30 ive-lh-lg-30 ive-lh-xl-30\" id=\"ive-adv-advance-text_8e9b0a-37\"><br><br><br>Biroul nostru de avocatur\u0103 este condus de c\u0103tre avocatul titular Alexandru Dima \u0219i v\u0103 ofer\u0103 <strong>consultan\u021b\u0103 juridic\u0103<\/strong> \u0219i <strong>servicii juridice<\/strong> profesionale special adaptate pentru dumneavoastr\u0103 \u0219i business-ul dvs<strong>.<\/strong><\/h2><\/div><\/div>\n<\/div>\n<\/div>\n\n\n\n<div class=\"wp-block-cover alignfull\" style=\"min-height:500px;aspect-ratio:unset;\"><span aria-hidden=\"true\" class=\"wp-block-cover__background has-black-background-color has-background-dim-40 has-background-dim\"><\/span><img loading=\"lazy\" decoding=\"async\" width=\"1920\" height=\"1080\" class=\"wp-block-cover__image-background wp-image-86\" alt=\"\" src=\"https:\/\/dima.legal\/wp-content\/uploads\/2022\/10\/Legal-and-Law-Firm-Company-Presentation-1.png\" style=\"object-position:39% 46%\" data-object-fit=\"cover\" data-object-position=\"39% 46%\" srcset=\"https:\/\/dima.legal\/wp-content\/uploads\/2022\/10\/Legal-and-Law-Firm-Company-Presentation-1.png 1920w, https:\/\/dima.legal\/wp-content\/uploads\/2022\/10\/Legal-and-Law-Firm-Company-Presentation-1-300x169.png 300w, https:\/\/dima.legal\/wp-content\/uploads\/2022\/10\/Legal-and-Law-Firm-Company-Presentation-1-1024x576.png 1024w, https:\/\/dima.legal\/wp-content\/uploads\/2022\/10\/Legal-and-Law-Firm-Company-Presentation-1-768x432.png 768w, https:\/\/dima.legal\/wp-content\/uploads\/2022\/10\/Legal-and-Law-Firm-Company-Presentation-1-1536x864.png 1536w\" sizes=\"auto, (max-width: 1920px) 100vw, 1920px\" \/><div class=\"wp-block-cover__inner-container is-layout-flow wp-block-cover-is-layout-flow\">\n<div class=\"wp-block-ive-accordion alignnone container vw-accordion-first pb-0 pb-sm-5\"><div class=\"ive-accordion-wrap ive-accordion-wrap ive-accordion-_29db20-75 ive-accordion-has-5-panes ive-active-pane-0 ive-accordion-block ive-pane-header-alignment-left ive-accodion-icon-style-arrow ive-accodion-icon-side-right\"><div class=\"ive-accordion-inner-wrap ive-start-active-pane-1 ive-accordion-_29db20-75 ive-accodion-icon-style-arrow ive-accodion-icon-side-right\" data-allow-multiple-open=\"false\" data-start-open=\"0\">\n<div class=\"wp-block-ive-pane ive-accordion-pane ive-accordion-pane-4 ive-pane_3d1d88-57\"><div class=\"ive-accordion-header-wrap\"><button class=\"ive-blocks-accordion-header ive-acccordion-button-label-show d-flex justify-content-start justify-content-md-start ive-accordions-xl-start\"><span class=\"ive-blocks-accordion-title-wrap\"><span class=\"ive-blocks-accordion-title\">Alexandru Dima <\/span><\/span><span class=\"ive-blocks-accordion-icon-trigger\"><\/span><\/button><\/div><div class=\"ive-accordion-panel\"><div class=\"ive-accordion-panel-inner\">\n<div class=\"wp-block-cover is-light\"><span aria-hidden=\"true\" class=\"wp-block-cover__background has-background-dim-0 has-background-dim\" style=\"background-color:#cdb8b8\"><\/span><div class=\"wp-block-cover__inner-container is-layout-flow wp-block-cover-is-layout-flow\">\n<div class=\"wp-block-columns mt-0 mt-sm-5 is-layout-flex wp-container-core-columns-is-layout-28f84493 wp-block-columns-is-layout-flex\">\n<div class=\"wp-block-column is-layout-flow wp-block-column-is-layout-flow\">\n<div class=\"wp-block-group is-layout-flow wp-block-group-is-layout-flow\">\n<figure class=\"wp-block-image aligncenter size-full vw-image-set is-style-rounded\"><img loading=\"lazy\" decoding=\"async\" width=\"320\" height=\"481\" src=\"https:\/\/dima.legal\/wp-content\/uploads\/2022\/10\/305129878_463070632469887_175752160856809264_n-6.jpg\" alt=\"\" class=\"wp-image-243\" srcset=\"https:\/\/dima.legal\/wp-content\/uploads\/2022\/10\/305129878_463070632469887_175752160856809264_n-6.jpg 320w, https:\/\/dima.legal\/wp-content\/uploads\/2022\/10\/305129878_463070632469887_175752160856809264_n-6-200x300.jpg 200w\" sizes=\"auto, (max-width: 320px) 100vw, 320px\" \/><\/figure>\n\n\n\n<div class=\"wp-block-ive-ibtana-visual-editorheading\"><div class=\"ive-advanced-text-wrap ive-div-advance-text_74927a-43 undefined text-center text-md-left text-lg-center text-xl-center\"><h2 class=\"ive-heading-parent undefined ive-advanced-text-inner-wrap ive-adv-advance-text_74927a-43 ive-lh-xs-30 ive-lh-sm-30 ive-lh-md-30 ive-lh-lg-30 ive-lh-xl-30\" id=\"ive-adv-advance-text_74927a-43\"><strong>Avocat Alexandru Dima \u00a0&#8211; <\/strong>Membru \u00een Baroul Cluj, avocat pledant \u0219i specializat \u00een domeniul dreptului civil \u0219i comercial.<\/h2><\/div><\/div>\n\n\n\n<div class=\"wp-block-group is-layout-flow wp-block-group-is-layout-flow\"><\/div>\n\n\n\n<div class=\"wp-block-ive-ibtana-visual-editorbtn btn-inner-wrap ive-btn-main-parent_7219e2-e3\"><div class=\"ive-btn-wrap ive-btn-unique_7219e2-e3 undefined ive-btn-wrap-0 ive-btn-align  text-center text-sm-left text-lg-center text-xl-center \"><a class=\"anchrstyle ive-button-ad_7219e2-e3 ive-button-0 ive-btn-0-action ive-btn-svg-showalways ive-btn-has-text-true\" href=\"https:\/\/dima.legal\/index.php\/contact\/\" target=\"_self\" rel=\"noreferrer noopener\"><span class=\"ive-btn-inner-text\"><div class=\"ive-right-icon-parent ive-button-icon-padding0\"><i class=\"fas fa-caret-right\"><\/i><\/div>Contact<\/span><\/a><\/div><\/div>\n<\/div>\n<\/div>\n<\/div>\n<\/div><\/div>\n<\/div><\/div><\/div>\n<\/div><\/div><\/div>\n<\/div><\/div>\n\n\n\n<div class=\"wp-block-columns is-layout-flex wp-container-core-columns-is-layout-28f84493 wp-block-columns-is-layout-flex\">\n<div class=\"wp-block-column mt-0 mt-sm-5 is-layout-flow wp-block-column-is-layout-flow\">\n<div class=\"wp-block-columns is-layout-flex wp-container-core-columns-is-layout-28f84493 wp-block-columns-is-layout-flex\">\n<div class=\"wp-block-column is-layout-flow wp-block-column-is-layout-flow\">\n<div class=\"wp-block-group is-layout-constrained wp-block-group-is-layout-constrained\">\n<div class=\"wp-block-ive-accordion alignnone\"><div class=\"ive-accordion-wrap ive-accordion-wrap ive-accordion-_c3aea2-c7 ive-accordion-has-14-panes ive-active-pane-0 ive-accordion-block ive-pane-header-alignment-left ive-accodion-icon-style-basic ive-accodion-icon-side-right\"><div class=\"ive-accordion-inner-wrap ive-start-active-pane-1 ive-accordion-_c3aea2-c7 ive-accodion-icon-style-basic ive-accodion-icon-side-right\" data-allow-multiple-open=\"false\" data-start-open=\"0\">\n<div class=\"wp-block-ive-pane ive-accordion-pane ive-accordion-pane-12 ive-pane_ba1a6c-d0\"><div class=\"ive-accordion-header-wrap\"><button class=\"ive-blocks-accordion-header ive-acccordion-button-label-show d-flex justify-content-start justify-content-md-start ive-accordions-xl-start\"><span class=\"ive-blocks-accordion-title-wrap\"><span class=\"ive-blocks-accordion-title\"><br\/><strong>SERVICIILE NOASTRE<\/strong><\/span><\/span><span class=\"ive-blocks-accordion-icon-trigger\"><\/span><\/button><\/div><div class=\"ive-accordion-panel\"><div class=\"ive-accordion-panel-inner\">\n<div class=\"wp-block-ive-ibtana-visual-editorheading vw-headings-align\"><div class=\"ive-advanced-text-wrap ive-div-advance-text_f14016-b1 undefined text-left text-md-center text-lg-left text-xl-left\"><h2 class=\"ive-heading-parent undefined ive-advanced-text-inner-wrap ive-adv-advance-text_f14016-b1 ive-lh-xs-30 ive-lh-sm-30 ive-lh-md-30 ive-lh-lg-30 ive-lh-xl-30\" id=\"ive-adv-advance-text_f14016-b1\"><a>Avocatura pe care o practic\u0103m este una <strong>concentrat\u0103 pe client<\/strong> \u0219i pe nevoile lui. <\/a>Ne dorim ca serviciile pe care le oferim s\u0103 fie la cel mai \u00eenalt nivel, motiv pentru care depunem toate eforturile ca problema dvs. s\u0103 fie preluat\u0103 de noi, gestionat\u0103 cu <strong>profesionalism<\/strong>, iar rezultatul final s\u0103 fie benefic pentru ambele p\u0103r\u021bi ale colabor\u0103rii.<br><br>Serviciile pe care le oferim sunt divizate \u00een dou\u0103 mari categorii:<br><img loading=\"lazy\" decoding=\"async\" width=\"700\" height=\"294\" class=\"wp-image-328\" style=\"width: 700px;\" src=\"https:\/\/dima.legal\/wp-content\/uploads\/2023\/02\/Screenshot-2023-02-11-at-09.40.13.png\" alt=\"\" srcset=\"https:\/\/dima.legal\/wp-content\/uploads\/2023\/02\/Screenshot-2023-02-11-at-09.40.13.png 717w, https:\/\/dima.legal\/wp-content\/uploads\/2023\/02\/Screenshot-2023-02-11-at-09.40.13-300x126.png 300w\" sizes=\"auto, (max-width: 700px) 100vw, 700px\" \/><br>Pentru o descriere mai detaliat\u0103 a serviciilor oferite, v\u0103 rug\u0103m s\u0103 accesa\u021bi <a rel=\"noreferrer noopener\" href=\"https:\/\/dima.legal\/index.php\/servicii\/\" target=\"_blank\">pagina <strong>Servicii.<\/strong><\/a><\/h2><\/div><\/div>\n<\/div><\/div><\/div>\n\n\n\n<div class=\"wp-block-ive-pane ive-accordion-pane ive-accordion-pane-13 ive-pane_e33881-95\"><div class=\"ive-accordion-header-wrap\"><button class=\"ive-blocks-accordion-header ive-acccordion-button-label-show d-flex justify-content-start justify-content-md-start ive-accordions-xl-start\"><span class=\"ive-blocks-accordion-title-wrap\"><span class=\"ive-blocks-accordion-title\"><strong>ACTIVITATE PROFESIONAL\u0102<\/strong><\/span><\/span><span class=\"ive-blocks-accordion-icon-trigger\"><\/span><\/button><\/div><div class=\"ive-accordion-panel\"><div class=\"ive-accordion-panel-inner\">\n<div class=\"wp-block-ive-ibtana-visual-editorheading vw-headings-align\"><div class=\"ive-advanced-text-wrap ive-div-advance-text_78da8e-db undefined text-left text-md-center text-lg-left text-xl-left\"><h2 class=\"ive-heading-parent undefined ive-advanced-text-inner-wrap ive-adv-advance-text_78da8e-db ive-lh-xs-30 ive-lh-sm-30 ive-lh-md-30 ive-lh-lg-30 ive-lh-xl-30\" id=\"ive-adv-advance-text_78da8e-db\">Avocatul titular Alexandru Dima activeaz\u0103 \u00een domeniul juridic <strong>\u00eenc\u0103 din anul 2016<\/strong>, \u00eencep\u00e2ndu-\u0219i cariera ca paralegal \u00een cadrul unei societ\u0103\u021bi de avocatur\u0103 din Cluj-Napoca, fiind proasp\u0103t absolvent al Facult\u0103\u021bii de Drept din cadrul Universit\u0103\u021bii Babe\u0219 Bolyai din Cluj-Napoca<br>Anul urm\u0103tor, dup\u0103 finalizarea studiilor masterale, a devenit membru \u00een Baroul Cluj unde a profesat ca \u0219i <strong>avocat colaborator<\/strong> \u00een cadrul unei societ\u0103\u021bi de avocatur\u0103, urm\u00e2nd ca imediat dup\u0103 finalizarea stagiaturii s\u0103 \u00ee\u0219i deschid\u0103 <strong>propriul cabinet.<\/strong><br><img loading=\"lazy\" decoding=\"async\" width=\"700\" height=\"258\" class=\"wp-image-333\" style=\"width: 700px;\" src=\"https:\/\/dima.legal\/wp-content\/uploads\/2023\/02\/Screenshot-2023-02-11-at-09.31.58.png\" alt=\"\" srcset=\"https:\/\/dima.legal\/wp-content\/uploads\/2023\/02\/Screenshot-2023-02-11-at-09.31.58.png 816w, https:\/\/dima.legal\/wp-content\/uploads\/2023\/02\/Screenshot-2023-02-11-at-09.31.58-300x111.png 300w, https:\/\/dima.legal\/wp-content\/uploads\/2023\/02\/Screenshot-2023-02-11-at-09.31.58-768x283.png 768w\" sizes=\"auto, (max-width: 700px) 100vw, 700px\" \/><br><br>Educat, crescut \u0219i format ca \u0219i avocat \u00een Cluj-Napoca, cu principii s\u0103n\u0103toase \u0219i o activitate profesional\u0103, Alexandru Dima v\u0103 pune la dispozi\u021bia dvs. \u00eentreaga expertiz\u0103 juridic\u0103 dob\u00e2ndit\u0103 \u00een decursul activit\u0103\u021bii sale. <br>V\u0103 invit\u0103m astfel s\u0103 <strong><a href=\"https:\/\/dima.legal\/index.php\/contact\/\" target=\"_blank\" rel=\"noreferrer noopener\">programa\u021bi o \u00eent\u00e2lnire aici<\/a>.<\/strong><\/h2><\/div><\/div>\n<\/div><\/div><\/div>\n\n\n\n<div class=\"wp-block-ive-pane ive-accordion-pane ive-accordion-pane-14 ive-pane_e53fd9-37\"><div class=\"ive-accordion-header-wrap\"><button class=\"ive-blocks-accordion-header ive-acccordion-button-label-show d-flex justify-content-start justify-content-md-start ive-accordions-xl-start\"><span class=\"ive-blocks-accordion-title-wrap\"><span class=\"ive-blocks-accordion-title\"><strong>CUM LUCR\u0102M<\/strong><\/span><\/span><span class=\"ive-blocks-accordion-icon-trigger\"><\/span><\/button><\/div><div class=\"ive-accordion-panel\"><div class=\"ive-accordion-panel-inner\">\n<p class=\"has-text-align-center has-medium-font-size\">1. <strong>Descrie-ne problema \/ cazul t\u0103u<\/strong><\/p>\n\n\n\n<p class=\"has-text-align-center has-small-font-size\"> Trimite\u021bi-ne un e-mail pe adresa <strong>alexandru@dima.legal <\/strong>sau apela\u021bi-ne la num\u0103rul de telefon <strong>0749 145 855 <\/strong>\u0219i prezenta\u021bi-ne cazul dvs.<\/p>\n\n\n\n<p><\/p>\n\n\n\n<p class=\"has-text-align-center has-vivid-red-color has-text-color has-medium-font-size\">2. <strong>Programeaz\u0103 o \u00eent\u00e2lnire<\/strong> <\/p>\n\n\n\n<p class=\"has-text-align-center has-small-font-size\">Dup\u0103 analiza dosarului ve\u021bi fi contactat de unul dintre colegii no\u0219tri pentru a programa o \u00eent\u00e2lnire.<\/p>\n\n\n\n<p><\/p>\n\n\n\n<p class=\"has-text-align-center has-medium-font-size\">3. <strong>\u00ce\u021bi prezent\u0103m op\u021biunile \u0219i \u00eencepem colaborarea<\/strong><\/p>\n\n\n\n<p class=\"has-text-align-center has-small-font-size\">Ne \u00eent\u00e2lnim, v\u0103 prezent\u0103m op\u021biunile \u0219i alegem \u00eempreun\u0103 solu\u021bia potrivit\u0103 pentru problema dvs.       <\/p>\n<\/div><\/div><\/div>\n<\/div><\/div><\/div>\n<\/div>\n<\/div>\n<\/div>\n<\/div>\n<\/div>\n\n\n\n<div class=\"wp-block-ive-tabs alignfull d-none\"><div class=\"ive-tabs-wrap ive-tabs-id_b7143c-b2 ive-tabs-has-3-tabs ive-active-tab-1 ive-tabs-layout-tabs ive-tabs-tablet-layout-inherit ive-tabs-mobile-layout-inherit ive-tab-alignment-left \"><ul class=\"ive-tabs-title-list\"><li id=\"tab-tab1\" class=\"ive-title-item ive-title-item-1 ive-tab-alltitle-item ive-tab-title-item-0 ive-tabs-svg-show-always ive-tabs-icon-side-right ive-tab-title-active \"><a href=\"#tab-tab1\" data-tab=\"1\" class=\"ive-tab-title ive-tab-title-1 ive-tab-alltitle-heading ive-tab-title-heading-0 d-block ive-tabs-xl-center text-center text-sm-center text-md-center\"><span class=\"ive-title-text\">Tab 1<\/span><\/a><\/li><li id=\"tab-tab2\" class=\"ive-title-item ive-title-item-2 ive-tab-alltitle-item ive-tab-title-item-1 ive-tabs-svg-show-always ive-tabs-icon-side-right ive-tab-title-inactive \"><a href=\"#tab-tab2\" data-tab=\"2\" class=\"ive-tab-title ive-tab-title-2 ive-tab-alltitle-heading ive-tab-title-heading-1 d-block ive-tabs-xl-center text-center text-sm-center text-md-center\"><span class=\"ive-title-text\">Tab 2<\/span><\/a><\/li><li id=\"tab-tab3\" class=\"ive-title-item ive-title-item-3 ive-tab-alltitle-item ive-tab-title-item-2 ive-tabs-svg-show-always ive-tabs-icon-side-right ive-tab-title-inactive \"><a href=\"#tab-tab3\" data-tab=\"3\" class=\"ive-tab-title ive-tab-title-3 ive-tab-alltitle-heading ive-tab-title-heading-2 d-block ive-tabs-xl-center text-center text-sm-center text-md-center\"><span class=\"ive-title-text\">Tab 3<\/span><\/a><\/li><\/ul><div class=\"ive-tabs-content-wrap\">\n<div class=\"wp-block-ive-tab ive-tab-inner-content ive-inner-tab-1 ive-inner-tab_c76cae-d1\"><div class=\"ive-tab-inner-content-inner\"><\/div><\/div>\n\n\n\n<div class=\"wp-block-ive-tab ive-tab-inner-content ive-inner-tab-2 ive-inner-tab_74993f-06\"><div class=\"ive-tab-inner-content-inner\"><\/div><\/div>\n\n\n\n<div class=\"wp-block-ive-tab ive-tab-inner-content ive-inner-tab-3 ive-inner-tab_d96246-95\"><div class=\"ive-tab-inner-content-inner\"><\/div><\/div>\n<\/div><\/div><\/div>\n\n\n\n<p><\/p>\n","protected":false},"excerpt":{"rendered":"","protected":false},"author":1,"featured_media":304,"parent":0,"menu_order":0,"comment_status":"closed","ping_status":"closed","template":"","meta":{"_regular_price":[],"currency_symbol":[],"footnotes":""},"class_list":["post-28","page","type-page","status-publish","has-post-thumbnail","hentry"],"post_slider_layout_featured_media_urls":{"thumbnail":["https:\/\/dima.legal\/wp-content\/uploads\/2023\/02\/8-150x150.jpg",150,150,true],"post_slider_layout_landscape_large":["https:\/\/dima.legal\/wp-content\/uploads\/2023\/02\/8-1200x800.jpg",1200,800,true],"post_slider_layout_portrait_large":["https:\/\/dima.legal\/wp-content\/uploads\/2023\/02\/8-1200x800.jpg",1200,800,true],"post_slider_layout_square_large":["https:\/\/dima.legal\/wp-content\/uploads\/2023\/02\/8-1200x800.jpg",1200,800,true],"post_slider_layout_landscape":["https:\/\/dima.legal\/wp-content\/uploads\/2023\/02\/8-600x400.jpg",600,400,true],"post_slider_layout_portrait":["https:\/\/dima.legal\/wp-content\/uploads\/2023\/02\/8-600x800.jpg",600,800,true],"post_slider_layout_square":["https:\/\/dima.legal\/wp-content\/uploads\/2023\/02\/8-600x600.jpg",600,600,true],"full":["https:\/\/dima.legal\/wp-content\/uploads\/2023\/02\/8.jpg",1280,800,false]},"yoast_head":"<!-- This site is optimized with the Yoast SEO plugin v27.3 - https:\/\/yoast.com\/product\/yoast-seo-wordpress\/ -->\n<title>Despre noi - Avocat Alexandru Dima<\/title>\n<meta name=\"robots\" content=\"index, follow, max-snippet:-1, max-image-preview:large, max-video-preview:-1\" \/>\n<link rel=\"canonical\" href=\"https:\/\/dima.legal\/index.php\/despre-noi\/\" \/>\n<meta property=\"og:locale\" content=\"en_US\" \/>\n<meta property=\"og:type\" content=\"article\" \/>\n<meta property=\"og:title\" content=\"Despre noi - Avocat Alexandru Dima\" \/>\n<meta property=\"og:url\" content=\"https:\/\/dima.legal\/index.php\/despre-noi\/\" \/>\n<meta property=\"og:site_name\" content=\"Avocat Alexandru Dima\" \/>\n<meta property=\"article:publisher\" content=\"https:\/\/www.facebook.com\/avocat.alexandrudima\/\" \/>\n<meta property=\"article:modified_time\" content=\"2023-07-04T08:12:06+00:00\" \/>\n<meta property=\"og:image\" content=\"https:\/\/dima.legal\/wp-content\/uploads\/2023\/02\/8.jpg\" \/>\n\t<meta property=\"og:image:width\" content=\"1280\" \/>\n\t<meta property=\"og:image:height\" content=\"800\" \/>\n\t<meta property=\"og:image:type\" content=\"image\/jpeg\" \/>\n<meta name=\"twitter:card\" content=\"summary_large_image\" \/>\n<meta name=\"twitter:label1\" content=\"Est. reading time\" \/>\n\t<meta name=\"twitter:data1\" content=\"2 minutes\" \/>\n<script type=\"application\/ld+json\" class=\"yoast-schema-graph\">{\"@context\":\"https:\\\/\\\/schema.org\",\"@graph\":[{\"@type\":\"WebPage\",\"@id\":\"https:\\\/\\\/dima.legal\\\/index.php\\\/despre-noi\\\/\",\"url\":\"https:\\\/\\\/dima.legal\\\/index.php\\\/despre-noi\\\/\",\"name\":\"Despre noi - Avocat Alexandru Dima\",\"isPartOf\":{\"@id\":\"https:\\\/\\\/dima.legal\\\/#website\"},\"primaryImageOfPage\":{\"@id\":\"https:\\\/\\\/dima.legal\\\/index.php\\\/despre-noi\\\/#primaryimage\"},\"image\":{\"@id\":\"https:\\\/\\\/dima.legal\\\/index.php\\\/despre-noi\\\/#primaryimage\"},\"thumbnailUrl\":\"https:\\\/\\\/dima.legal\\\/wp-content\\\/uploads\\\/2023\\\/02\\\/8.jpg\",\"datePublished\":\"2022-10-15T15:28:11+00:00\",\"dateModified\":\"2023-07-04T08:12:06+00:00\",\"breadcrumb\":{\"@id\":\"https:\\\/\\\/dima.legal\\\/index.php\\\/despre-noi\\\/#breadcrumb\"},\"inLanguage\":\"en-US\",\"potentialAction\":[{\"@type\":\"ReadAction\",\"target\":[\"https:\\\/\\\/dima.legal\\\/index.php\\\/despre-noi\\\/\"]}]},{\"@type\":\"ImageObject\",\"inLanguage\":\"en-US\",\"@id\":\"https:\\\/\\\/dima.legal\\\/index.php\\\/despre-noi\\\/#primaryimage\",\"url\":\"https:\\\/\\\/dima.legal\\\/wp-content\\\/uploads\\\/2023\\\/02\\\/8.jpg\",\"contentUrl\":\"https:\\\/\\\/dima.legal\\\/wp-content\\\/uploads\\\/2023\\\/02\\\/8.jpg\",\"width\":1280,\"height\":800,\"caption\":\"Alex Dima\"},{\"@type\":\"BreadcrumbList\",\"@id\":\"https:\\\/\\\/dima.legal\\\/index.php\\\/despre-noi\\\/#breadcrumb\",\"itemListElement\":[{\"@type\":\"ListItem\",\"position\":1,\"name\":\"Home\",\"item\":\"https:\\\/\\\/dima.legal\\\/\"},{\"@type\":\"ListItem\",\"position\":2,\"name\":\"Despre noi\"}]},{\"@type\":\"WebSite\",\"@id\":\"https:\\\/\\\/dima.legal\\\/#website\",\"url\":\"https:\\\/\\\/dima.legal\\\/\",\"name\":\"Avocat Alexandru Dima\",\"description\":\"Legal insight. Business instinct\",\"publisher\":{\"@id\":\"https:\\\/\\\/dima.legal\\\/#organization\"},\"potentialAction\":[{\"@type\":\"SearchAction\",\"target\":{\"@type\":\"EntryPoint\",\"urlTemplate\":\"https:\\\/\\\/dima.legal\\\/?s={search_term_string}\"},\"query-input\":{\"@type\":\"PropertyValueSpecification\",\"valueRequired\":true,\"valueName\":\"search_term_string\"}}],\"inLanguage\":\"en-US\"},{\"@type\":\"Organization\",\"@id\":\"https:\\\/\\\/dima.legal\\\/#organization\",\"name\":\"Avocat Alexandru Dima\",\"url\":\"https:\\\/\\\/dima.legal\\\/\",\"logo\":{\"@type\":\"ImageObject\",\"inLanguage\":\"en-US\",\"@id\":\"https:\\\/\\\/dima.legal\\\/#\\\/schema\\\/logo\\\/image\\\/\",\"url\":\"https:\\\/\\\/dima.legal\\\/wp-content\\\/uploads\\\/2023\\\/02\\\/8.jpg\",\"contentUrl\":\"https:\\\/\\\/dima.legal\\\/wp-content\\\/uploads\\\/2023\\\/02\\\/8.jpg\",\"width\":1280,\"height\":800,\"caption\":\"Avocat Alexandru Dima\"},\"image\":{\"@id\":\"https:\\\/\\\/dima.legal\\\/#\\\/schema\\\/logo\\\/image\\\/\"},\"sameAs\":[\"https:\\\/\\\/www.facebook.com\\\/avocat.alexandrudima\\\/\",\"https:\\\/\\\/www.linkedin.com\\\/in\\\/avocatalexandrudima\\\/\"]}]}<\/script>\n<!-- \/ Yoast SEO plugin. -->","yoast_head_json":{"title":"Despre noi - Avocat Alexandru Dima","robots":{"index":"index","follow":"follow","max-snippet":"max-snippet:-1","max-image-preview":"max-image-preview:large","max-video-preview":"max-video-preview:-1"},"canonical":"https:\/\/dima.legal\/index.php\/despre-noi\/","og_locale":"en_US","og_type":"article","og_title":"Despre noi - Avocat Alexandru Dima","og_url":"https:\/\/dima.legal\/index.php\/despre-noi\/","og_site_name":"Avocat Alexandru Dima","article_publisher":"https:\/\/www.facebook.com\/avocat.alexandrudima\/","article_modified_time":"2023-07-04T08:12:06+00:00","og_image":[{"width":1280,"height":800,"url":"https:\/\/dima.legal\/wp-content\/uploads\/2023\/02\/8.jpg","type":"image\/jpeg"}],"twitter_card":"summary_large_image","twitter_misc":{"Est. reading time":"2 minutes"},"schema":{"@context":"https:\/\/schema.org","@graph":[{"@type":"WebPage","@id":"https:\/\/dima.legal\/index.php\/despre-noi\/","url":"https:\/\/dima.legal\/index.php\/despre-noi\/","name":"Despre noi - Avocat Alexandru Dima","isPartOf":{"@id":"https:\/\/dima.legal\/#website"},"primaryImageOfPage":{"@id":"https:\/\/dima.legal\/index.php\/despre-noi\/#primaryimage"},"image":{"@id":"https:\/\/dima.legal\/index.php\/despre-noi\/#primaryimage"},"thumbnailUrl":"https:\/\/dima.legal\/wp-content\/uploads\/2023\/02\/8.jpg","datePublished":"2022-10-15T15:28:11+00:00","dateModified":"2023-07-04T08:12:06+00:00","breadcrumb":{"@id":"https:\/\/dima.legal\/index.php\/despre-noi\/#breadcrumb"},"inLanguage":"en-US","potentialAction":[{"@type":"ReadAction","target":["https:\/\/dima.legal\/index.php\/despre-noi\/"]}]},{"@type":"ImageObject","inLanguage":"en-US","@id":"https:\/\/dima.legal\/index.php\/despre-noi\/#primaryimage","url":"https:\/\/dima.legal\/wp-content\/uploads\/2023\/02\/8.jpg","contentUrl":"https:\/\/dima.legal\/wp-content\/uploads\/2023\/02\/8.jpg","width":1280,"height":800,"caption":"Alex Dima"},{"@type":"BreadcrumbList","@id":"https:\/\/dima.legal\/index.php\/despre-noi\/#breadcrumb","itemListElement":[{"@type":"ListItem","position":1,"name":"Home","item":"https:\/\/dima.legal\/"},{"@type":"ListItem","position":2,"name":"Despre noi"}]},{"@type":"WebSite","@id":"https:\/\/dima.legal\/#website","url":"https:\/\/dima.legal\/","name":"Avocat Alexandru Dima","description":"Legal insight. Business instinct","publisher":{"@id":"https:\/\/dima.legal\/#organization"},"potentialAction":[{"@type":"SearchAction","target":{"@type":"EntryPoint","urlTemplate":"https:\/\/dima.legal\/?s={search_term_string}"},"query-input":{"@type":"PropertyValueSpecification","valueRequired":true,"valueName":"search_term_string"}}],"inLanguage":"en-US"},{"@type":"Organization","@id":"https:\/\/dima.legal\/#organization","name":"Avocat Alexandru Dima","url":"https:\/\/dima.legal\/","logo":{"@type":"ImageObject","inLanguage":"en-US","@id":"https:\/\/dima.legal\/#\/schema\/logo\/image\/","url":"https:\/\/dima.legal\/wp-content\/uploads\/2023\/02\/8.jpg","contentUrl":"https:\/\/dima.legal\/wp-content\/uploads\/2023\/02\/8.jpg","width":1280,"height":800,"caption":"Avocat Alexandru Dima"},"image":{"@id":"https:\/\/dima.legal\/#\/schema\/logo\/image\/"},"sameAs":["https:\/\/www.facebook.com\/avocat.alexandrudima\/","https:\/\/www.linkedin.com\/in\/avocatalexandrudima\/"]}]}},"_links":{"self":[{"href":"https:\/\/dima.legal\/index.php\/wp-json\/wp\/v2\/pages\/28","targetHints":{"allow":["GET"]}}],"collection":[{"href":"https:\/\/dima.legal\/index.php\/wp-json\/wp\/v2\/pages"}],"about":[{"href":"https:\/\/dima.legal\/index.php\/wp-json\/wp\/v2\/types\/page"}],"author":[{"embeddable":true,"href":"https:\/\/dima.legal\/index.php\/wp-json\/wp\/v2\/users\/1"}],"replies":[{"embeddable":true,"href":"https:\/\/dima.legal\/index.php\/wp-json\/wp\/v2\/comments?post=28"}],"version-history":[{"count":99,"href":"https:\/\/dima.legal\/index.php\/wp-json\/wp\/v2\/pages\/28\/revisions"}],"predecessor-version":[{"id":348,"href":"https:\/\/dima.legal\/index.php\/wp-json\/wp\/v2\/pages\/28\/revisions\/348"}],"wp:featuredmedia":[{"embeddable":true,"href":"https:\/\/dima.legal\/index.php\/wp-json\/wp\/v2\/media\/304"}],"wp:attachment":[{"href":"https:\/\/dima.legal\/index.php\/wp-json\/wp\/v2\/media?parent=28"}],"curies":[{"name":"wp","href":"https:\/\/api.w.org\/{rel}","templated":true}]}}