{"id":32,"date":"2022-10-15T15:28:39","date_gmt":"2022-10-15T15:28:39","guid":{"rendered":"https:\/\/dima.legal\/?page_id=32"},"modified":"2023-02-11T07:15:53","modified_gmt":"2023-02-11T07:15:53","slug":"colaboratori","status":"publish","type":"page","link":"https:\/\/dima.legal\/index.php\/colaboratori\/","title":{"rendered":"Colaboratori"},"content":{"rendered":"\n<div class=\"wp-block-ive-tabs alignfull d-none\"><div class=\"ive-tabs-wrap ive-tabs-id_b7143c-b2 ive-tabs-has-3-tabs ive-active-tab-1 ive-tabs-layout-tabs ive-tabs-tablet-layout-inherit ive-tabs-mobile-layout-inherit ive-tab-alignment-left \"><ul class=\"ive-tabs-title-list\"><li id=\"tab-tab1\" class=\"ive-title-item ive-title-item-1 ive-tab-alltitle-item ive-tab-title-item-0 ive-tabs-svg-show-always ive-tabs-icon-side-right ive-tab-title-active \"><a href=\"#tab-tab1\" data-tab=\"1\" class=\"ive-tab-title ive-tab-title-1 ive-tab-alltitle-heading ive-tab-title-heading-0 d-block ive-tabs-xl-center text-center text-sm-center text-md-center\"><span class=\"ive-title-text\">Tab 1<\/span><\/a><\/li><li id=\"tab-tab2\" class=\"ive-title-item ive-title-item-2 ive-tab-alltitle-item ive-tab-title-item-1 ive-tabs-svg-show-always ive-tabs-icon-side-right ive-tab-title-inactive \"><a href=\"#tab-tab2\" data-tab=\"2\" class=\"ive-tab-title ive-tab-title-2 ive-tab-alltitle-heading ive-tab-title-heading-1 d-block ive-tabs-xl-center text-center text-sm-center text-md-center\"><span class=\"ive-title-text\">Tab 2<\/span><\/a><\/li><li id=\"tab-tab3\" class=\"ive-title-item ive-title-item-3 ive-tab-alltitle-item ive-tab-title-item-2 ive-tabs-svg-show-always ive-tabs-icon-side-right ive-tab-title-inactive \"><a href=\"#tab-tab3\" data-tab=\"3\" class=\"ive-tab-title ive-tab-title-3 ive-tab-alltitle-heading ive-tab-title-heading-2 d-block ive-tabs-xl-center text-center text-sm-center text-md-center\"><span class=\"ive-title-text\">Tab 3<\/span><\/a><\/li><\/ul><div class=\"ive-tabs-content-wrap\">\n<div class=\"wp-block-ive-tab ive-tab-inner-content ive-inner-tab-1 ive-inner-tab_c76cae-d1\"><div class=\"ive-tab-inner-content-inner\"><\/div><\/div>\n\n\n\n<div class=\"wp-block-ive-tab ive-tab-inner-content ive-inner-tab-2 ive-inner-tab_74993f-06\"><div class=\"ive-tab-inner-content-inner\"><\/div><\/div>\n\n\n\n<div class=\"wp-block-ive-tab ive-tab-inner-content ive-inner-tab-3 ive-inner-tab_d96246-95\"><div class=\"ive-tab-inner-content-inner\"><\/div><\/div>\n<\/div><\/div><\/div>\n\n\n\n<div class=\"wp-block-cover alignfull\" style=\"min-height:500px;aspect-ratio:unset;\"><span aria-hidden=\"true\" class=\"wp-block-cover__background has-black-background-color has-background-dim-60 has-background-dim\"><\/span><img loading=\"lazy\" decoding=\"async\" width=\"1920\" height=\"1080\" class=\"wp-block-cover__image-background wp-image-138\" alt=\"\" src=\"https:\/\/dima.legal\/wp-content\/uploads\/2022\/10\/Legal-and-Law-Firm-Company-Presentation-4.png\" style=\"object-position:17% 17%\" data-object-fit=\"cover\" data-object-position=\"17% 17%\" srcset=\"https:\/\/dima.legal\/wp-content\/uploads\/2022\/10\/Legal-and-Law-Firm-Company-Presentation-4.png 1920w, https:\/\/dima.legal\/wp-content\/uploads\/2022\/10\/Legal-and-Law-Firm-Company-Presentation-4-300x169.png 300w, https:\/\/dima.legal\/wp-content\/uploads\/2022\/10\/Legal-and-Law-Firm-Company-Presentation-4-1024x576.png 1024w, https:\/\/dima.legal\/wp-content\/uploads\/2022\/10\/Legal-and-Law-Firm-Company-Presentation-4-768x432.png 768w, https:\/\/dima.legal\/wp-content\/uploads\/2022\/10\/Legal-and-Law-Firm-Company-Presentation-4-1536x864.png 1536w\" sizes=\"auto, (max-width: 1920px) 100vw, 1920px\" \/><div class=\"wp-block-cover__inner-container is-layout-flow wp-block-cover-is-layout-flow\">\n<div class=\"wp-block-ive-accordion alignnone container vw-accordion-first pb-0 pb-sm-5\"><div class=\"ive-accordion-wrap ive-accordion-wrap ive-accordion-_29db20-75 ive-accordion-has-8-panes ive-active-pane-0 ive-accordion-block ive-pane-header-alignment-left ive-accodion-icon-style-arrow ive-accodion-icon-side-right\"><div class=\"ive-accordion-inner-wrap ive-start-active-pane-1 ive-accordion-_29db20-75 ive-accodion-icon-style-arrow ive-accodion-icon-side-right\" data-allow-multiple-open=\"false\" data-start-open=\"0\">\n<div class=\"wp-block-ive-pane ive-accordion-pane ive-accordion-pane-4 ive-pane_3d1d88-57\"><div class=\"ive-accordion-header-wrap\"><button class=\"ive-blocks-accordion-header ive-acccordion-button-label-show d-flex justify-content-start justify-content-md-start ive-accordions-xl-start\"><span class=\"ive-blocks-accordion-title-wrap\"><span class=\"ive-blocks-accordion-title\">ALEX COROIAN &#8211; <strong>Avocat specializat \u00een drept fiscal \u0219i contencios administrativ;<\/strong><\/span><\/span><span class=\"ive-blocks-accordion-icon-trigger\"><\/span><\/button><\/div><div class=\"ive-accordion-panel\"><div class=\"ive-accordion-panel-inner\">\n<p><\/p>\n\n\n\n<div class=\"wp-block-ive-ibtana-visual-editorheading\"><div class=\"ive-advanced-text-wrap ive-div-advance-text_7ebc68-f0 undefined text-center text-md-center text-lg-center text-xl-center\"><h2 class=\"ive-heading-parent undefined ive-advanced-text-inner-wrap ive-adv-advance-text_7ebc68-f0 ive-lh-xs-30 ive-lh-sm-30 ive-lh-md-30 ive-lh-lg-30 ive-lh-xl-30\" id=\"ive-adv-advance-text_7ebc68-f0\">Domeniu de activitate: contencios administrativ; contencios fiscal; litigii; consultan\u021b\u0103 fiscal\u0103<\/h2><\/div><\/div>\n<\/div><\/div><\/div>\n\n\n\n<div class=\"wp-block-ive-pane ive-accordion-pane ive-accordion-pane-8 ive-pane_1c3337-37\"><div class=\"ive-accordion-header-wrap\"><button class=\"ive-blocks-accordion-header ive-acccordion-button-label-show d-flex justify-content-start justify-content-md-start ive-accordions-xl-start\"><span class=\"ive-blocks-accordion-title-wrap\"><span class=\"ive-blocks-accordion-title\"><strong>TEODOR ZEGREAN &#8211; avocat specializat \u00een drept penal \u0219i civil<\/strong><\/span><\/span><span class=\"ive-blocks-accordion-icon-trigger\"><\/span><\/button><\/div><div class=\"ive-accordion-panel\"><div class=\"ive-accordion-panel-inner\">\n<p><\/p>\n\n\n\n<div class=\"wp-block-ive-ibtana-visual-editorheading\"><div class=\"ive-advanced-text-wrap ive-div-advance-text_094f31-f7 fadeIn animated text-center text-md-center text-lg-center text-xl-center\"><h2 class=\"ive-heading-parent undefined ive-advanced-text-inner-wrap ive-adv-advance-text_094f31-f7 ive-lh-xs-30 ive-lh-sm-30 ive-lh-md-30 ive-lh-lg-30 ive-lh-xl-30\" id=\"ive-adv-advance-text_094f31-f7\">Domeniu de activitate: Drept penal &#8211; urm\u0103rire penal\u0103, camer\u0103 preliminar\u0103, instan\u021b\u0103 de judecat\u0103<br>Drept civil &#8211; litigii<\/h2><\/div><\/div>\n<\/div><\/div><\/div>\n<\/div><\/div><\/div>\n<\/div><\/div>\n","protected":false},"excerpt":{"rendered":"","protected":false},"author":1,"featured_media":0,"parent":0,"menu_order":0,"comment_status":"closed","ping_status":"closed","template":"","meta":{"_regular_price":[],"currency_symbol":[],"footnotes":""},"class_list":["post-32","page","type-page","status-publish","hentry"],"post_slider_layout_featured_media_urls":{"thumbnail":"","post_slider_layout_landscape_large":"","post_slider_layout_portrait_large":"","post_slider_layout_square_large":"","post_slider_layout_landscape":"","post_slider_layout_portrait":"","post_slider_layout_square":"","full":""},"yoast_head":"<!-- This site is optimized with the Yoast SEO plugin v27.3 - https:\/\/yoast.com\/product\/yoast-seo-wordpress\/ -->\n<title>Colaboratori - Avocat Alexandru Dima<\/title>\n<meta name=\"robots\" content=\"index, follow, max-snippet:-1, max-image-preview:large, max-video-preview:-1\" \/>\n<link rel=\"canonical\" href=\"https:\/\/dima.legal\/index.php\/colaboratori\/\" \/>\n<meta property=\"og:locale\" content=\"en_US\" \/>\n<meta property=\"og:type\" content=\"article\" \/>\n<meta property=\"og:title\" content=\"Colaboratori - Avocat Alexandru Dima\" \/>\n<meta property=\"og:url\" content=\"https:\/\/dima.legal\/index.php\/colaboratori\/\" \/>\n<meta property=\"og:site_name\" content=\"Avocat Alexandru Dima\" \/>\n<meta property=\"article:publisher\" content=\"https:\/\/www.facebook.com\/avocat.alexandrudima\/\" \/>\n<meta property=\"article:modified_time\" content=\"2023-02-11T07:15:53+00:00\" \/>\n<meta property=\"og:image\" content=\"https:\/\/dima.legal\/wp-content\/uploads\/2022\/10\/Legal-and-Law-Firm-Company-Presentation-4.png\" \/>\n<meta name=\"twitter:card\" content=\"summary_large_image\" \/>\n<script type=\"application\/ld+json\" class=\"yoast-schema-graph\">{\"@context\":\"https:\\\/\\\/schema.org\",\"@graph\":[{\"@type\":\"WebPage\",\"@id\":\"https:\\\/\\\/dima.legal\\\/index.php\\\/colaboratori\\\/\",\"url\":\"https:\\\/\\\/dima.legal\\\/index.php\\\/colaboratori\\\/\",\"name\":\"Colaboratori - Avocat Alexandru Dima\",\"isPartOf\":{\"@id\":\"https:\\\/\\\/dima.legal\\\/#website\"},\"primaryImageOfPage\":{\"@id\":\"https:\\\/\\\/dima.legal\\\/index.php\\\/colaboratori\\\/#primaryimage\"},\"image\":{\"@id\":\"https:\\\/\\\/dima.legal\\\/index.php\\\/colaboratori\\\/#primaryimage\"},\"thumbnailUrl\":\"https:\\\/\\\/dima.legal\\\/wp-content\\\/uploads\\\/2022\\\/10\\\/Legal-and-Law-Firm-Company-Presentation-4.png\",\"datePublished\":\"2022-10-15T15:28:39+00:00\",\"dateModified\":\"2023-02-11T07:15:53+00:00\",\"breadcrumb\":{\"@id\":\"https:\\\/\\\/dima.legal\\\/index.php\\\/colaboratori\\\/#breadcrumb\"},\"inLanguage\":\"en-US\",\"potentialAction\":[{\"@type\":\"ReadAction\",\"target\":[\"https:\\\/\\\/dima.legal\\\/index.php\\\/colaboratori\\\/\"]}]},{\"@type\":\"ImageObject\",\"inLanguage\":\"en-US\",\"@id\":\"https:\\\/\\\/dima.legal\\\/index.php\\\/colaboratori\\\/#primaryimage\",\"url\":\"https:\\\/\\\/dima.legal\\\/wp-content\\\/uploads\\\/2022\\\/10\\\/Legal-and-Law-Firm-Company-Presentation-4.png\",\"contentUrl\":\"https:\\\/\\\/dima.legal\\\/wp-content\\\/uploads\\\/2022\\\/10\\\/Legal-and-Law-Firm-Company-Presentation-4.png\",\"width\":1920,\"height\":1080},{\"@type\":\"BreadcrumbList\",\"@id\":\"https:\\\/\\\/dima.legal\\\/index.php\\\/colaboratori\\\/#breadcrumb\",\"itemListElement\":[{\"@type\":\"ListItem\",\"position\":1,\"name\":\"Home\",\"item\":\"https:\\\/\\\/dima.legal\\\/\"},{\"@type\":\"ListItem\",\"position\":2,\"name\":\"Colaboratori\"}]},{\"@type\":\"WebSite\",\"@id\":\"https:\\\/\\\/dima.legal\\\/#website\",\"url\":\"https:\\\/\\\/dima.legal\\\/\",\"name\":\"Avocat Alexandru Dima\",\"description\":\"Legal insight. Business instinct\",\"publisher\":{\"@id\":\"https:\\\/\\\/dima.legal\\\/#organization\"},\"potentialAction\":[{\"@type\":\"SearchAction\",\"target\":{\"@type\":\"EntryPoint\",\"urlTemplate\":\"https:\\\/\\\/dima.legal\\\/?s={search_term_string}\"},\"query-input\":{\"@type\":\"PropertyValueSpecification\",\"valueRequired\":true,\"valueName\":\"search_term_string\"}}],\"inLanguage\":\"en-US\"},{\"@type\":\"Organization\",\"@id\":\"https:\\\/\\\/dima.legal\\\/#organization\",\"name\":\"Avocat Alexandru Dima\",\"url\":\"https:\\\/\\\/dima.legal\\\/\",\"logo\":{\"@type\":\"ImageObject\",\"inLanguage\":\"en-US\",\"@id\":\"https:\\\/\\\/dima.legal\\\/#\\\/schema\\\/logo\\\/image\\\/\",\"url\":\"https:\\\/\\\/dima.legal\\\/wp-content\\\/uploads\\\/2023\\\/02\\\/8.jpg\",\"contentUrl\":\"https:\\\/\\\/dima.legal\\\/wp-content\\\/uploads\\\/2023\\\/02\\\/8.jpg\",\"width\":1280,\"height\":800,\"caption\":\"Avocat Alexandru Dima\"},\"image\":{\"@id\":\"https:\\\/\\\/dima.legal\\\/#\\\/schema\\\/logo\\\/image\\\/\"},\"sameAs\":[\"https:\\\/\\\/www.facebook.com\\\/avocat.alexandrudima\\\/\",\"https:\\\/\\\/www.linkedin.com\\\/in\\\/avocatalexandrudima\\\/\"]}]}<\/script>\n<!-- \/ Yoast SEO plugin. -->","yoast_head_json":{"title":"Colaboratori - Avocat Alexandru Dima","robots":{"index":"index","follow":"follow","max-snippet":"max-snippet:-1","max-image-preview":"max-image-preview:large","max-video-preview":"max-video-preview:-1"},"canonical":"https:\/\/dima.legal\/index.php\/colaboratori\/","og_locale":"en_US","og_type":"article","og_title":"Colaboratori - Avocat Alexandru Dima","og_url":"https:\/\/dima.legal\/index.php\/colaboratori\/","og_site_name":"Avocat Alexandru Dima","article_publisher":"https:\/\/www.facebook.com\/avocat.alexandrudima\/","article_modified_time":"2023-02-11T07:15:53+00:00","og_image":[{"url":"https:\/\/dima.legal\/wp-content\/uploads\/2022\/10\/Legal-and-Law-Firm-Company-Presentation-4.png","type":"","width":"","height":""}],"twitter_card":"summary_large_image","schema":{"@context":"https:\/\/schema.org","@graph":[{"@type":"WebPage","@id":"https:\/\/dima.legal\/index.php\/colaboratori\/","url":"https:\/\/dima.legal\/index.php\/colaboratori\/","name":"Colaboratori - Avocat Alexandru Dima","isPartOf":{"@id":"https:\/\/dima.legal\/#website"},"primaryImageOfPage":{"@id":"https:\/\/dima.legal\/index.php\/colaboratori\/#primaryimage"},"image":{"@id":"https:\/\/dima.legal\/index.php\/colaboratori\/#primaryimage"},"thumbnailUrl":"https:\/\/dima.legal\/wp-content\/uploads\/2022\/10\/Legal-and-Law-Firm-Company-Presentation-4.png","datePublished":"2022-10-15T15:28:39+00:00","dateModified":"2023-02-11T07:15:53+00:00","breadcrumb":{"@id":"https:\/\/dima.legal\/index.php\/colaboratori\/#breadcrumb"},"inLanguage":"en-US","potentialAction":[{"@type":"ReadAction","target":["https:\/\/dima.legal\/index.php\/colaboratori\/"]}]},{"@type":"ImageObject","inLanguage":"en-US","@id":"https:\/\/dima.legal\/index.php\/colaboratori\/#primaryimage","url":"https:\/\/dima.legal\/wp-content\/uploads\/2022\/10\/Legal-and-Law-Firm-Company-Presentation-4.png","contentUrl":"https:\/\/dima.legal\/wp-content\/uploads\/2022\/10\/Legal-and-Law-Firm-Company-Presentation-4.png","width":1920,"height":1080},{"@type":"BreadcrumbList","@id":"https:\/\/dima.legal\/index.php\/colaboratori\/#breadcrumb","itemListElement":[{"@type":"ListItem","position":1,"name":"Home","item":"https:\/\/dima.legal\/"},{"@type":"ListItem","position":2,"name":"Colaboratori"}]},{"@type":"WebSite","@id":"https:\/\/dima.legal\/#website","url":"https:\/\/dima.legal\/","name":"Avocat Alexandru Dima","description":"Legal insight. Business instinct","publisher":{"@id":"https:\/\/dima.legal\/#organization"},"potentialAction":[{"@type":"SearchAction","target":{"@type":"EntryPoint","urlTemplate":"https:\/\/dima.legal\/?s={search_term_string}"},"query-input":{"@type":"PropertyValueSpecification","valueRequired":true,"valueName":"search_term_string"}}],"inLanguage":"en-US"},{"@type":"Organization","@id":"https:\/\/dima.legal\/#organization","name":"Avocat Alexandru Dima","url":"https:\/\/dima.legal\/","logo":{"@type":"ImageObject","inLanguage":"en-US","@id":"https:\/\/dima.legal\/#\/schema\/logo\/image\/","url":"https:\/\/dima.legal\/wp-content\/uploads\/2023\/02\/8.jpg","contentUrl":"https:\/\/dima.legal\/wp-content\/uploads\/2023\/02\/8.jpg","width":1280,"height":800,"caption":"Avocat Alexandru Dima"},"image":{"@id":"https:\/\/dima.legal\/#\/schema\/logo\/image\/"},"sameAs":["https:\/\/www.facebook.com\/avocat.alexandrudima\/","https:\/\/www.linkedin.com\/in\/avocatalexandrudima\/"]}]}},"_links":{"self":[{"href":"https:\/\/dima.legal\/index.php\/wp-json\/wp\/v2\/pages\/32","targetHints":{"allow":["GET"]}}],"collection":[{"href":"https:\/\/dima.legal\/index.php\/wp-json\/wp\/v2\/pages"}],"about":[{"href":"https:\/\/dima.legal\/index.php\/wp-json\/wp\/v2\/types\/page"}],"author":[{"embeddable":true,"href":"https:\/\/dima.legal\/index.php\/wp-json\/wp\/v2\/users\/1"}],"replies":[{"embeddable":true,"href":"https:\/\/dima.legal\/index.php\/wp-json\/wp\/v2\/comments?post=32"}],"version-history":[{"count":10,"href":"https:\/\/dima.legal\/index.php\/wp-json\/wp\/v2\/pages\/32\/revisions"}],"predecessor-version":[{"id":324,"href":"https:\/\/dima.legal\/index.php\/wp-json\/wp\/v2\/pages\/32\/revisions\/324"}],"wp:attachment":[{"href":"https:\/\/dima.legal\/index.php\/wp-json\/wp\/v2\/media?parent=32"}],"curies":[{"name":"wp","href":"https:\/\/api.w.org\/{rel}","templated":true}]}}