{"id":34,"date":"2022-10-15T15:28:53","date_gmt":"2022-10-15T15:28:53","guid":{"rendered":"https:\/\/dima.legal\/?page_id=34"},"modified":"2023-07-04T08:12:48","modified_gmt":"2023-07-04T08:12:48","slug":"noutati","status":"publish","type":"page","link":"https:\/\/dima.legal\/index.php\/noutati\/","title":{"rendered":"Noutati"},"content":{"rendered":"\n<div class=\"wp-block-cover alignfull blog-section\" style=\"padding-top:50px;padding-bottom:50px\"><span aria-hidden=\"true\" class=\"wp-block-cover__background has-black-background-color has-background-dim\"><\/span><img loading=\"lazy\" decoding=\"async\" width=\"1920\" height=\"1080\" class=\"wp-block-cover__image-background wp-image-116\" alt=\"\" src=\"https:\/\/dima.legal\/wp-content\/uploads\/2022\/10\/Legal-and-Law-Firm-Company-Presentation-2.png\" style=\"object-position:36% 33%\" data-object-fit=\"cover\" data-object-position=\"36% 33%\" srcset=\"https:\/\/dima.legal\/wp-content\/uploads\/2022\/10\/Legal-and-Law-Firm-Company-Presentation-2.png 1920w, https:\/\/dima.legal\/wp-content\/uploads\/2022\/10\/Legal-and-Law-Firm-Company-Presentation-2-300x169.png 300w, https:\/\/dima.legal\/wp-content\/uploads\/2022\/10\/Legal-and-Law-Firm-Company-Presentation-2-1024x576.png 1024w, https:\/\/dima.legal\/wp-content\/uploads\/2022\/10\/Legal-and-Law-Firm-Company-Presentation-2-768x432.png 768w, https:\/\/dima.legal\/wp-content\/uploads\/2022\/10\/Legal-and-Law-Firm-Company-Presentation-2-1536x864.png 1536w\" sizes=\"auto, (max-width: 1920px) 100vw, 1920px\" \/><div class=\"wp-block-cover__inner-container is-layout-flow wp-block-cover-is-layout-flow\">\n<h3 class=\"wp-block-heading has-text-align-center has-white-color has-text-color\" style=\"font-size:30px\">ULTIMELE NOUTATI<\/h3>\n\n\n\n<p class=\"has-text-align-center head-text has-white-color has-text-color\" style=\"font-size:14px\"><\/p>\n\n\n<ul class=\"wp-block-latest-posts__list is-grid columns-3 has-dates wp-block-latest-posts\"><li><a class=\"wp-block-latest-posts__post-title\" href=\"https:\/\/dima.legal\/index.php\/2025\/06\/10\/recalculare-pensii-militare\/\">\ud835\udc11\ud835\udc1e\ud835\udc1c\ud835\udc1a\ud835\udc25\ud835\udc1c\ud835\udc2e\ud835\udc25\ud835\udc1a\ud835\udc2b\ud835\udc1e \ud835\udc29\ud835\udc1e\ud835\udc27\ud835\udc2c\ud835\udc22\ud835\udc22 \ud835\udc26\ud835\udc22\ud835\udc25\ud835\udc22\ud835\udc2d\ud835\udc1a\ud835\udc2b\ud835\udc1e &#8211; \ud835\udc08\ud835\udc26\ud835\udc29\ud835\udc28\ud835\udc33\ud835\udc22\ud835\udc2d\ud835\udc2e\ud835\udc25 \ud835\udc29\ud835\udc2b\ud835\udc28\ud835\udc20\ud835\udc2b\ud835\udc1e\ud835\udc2c\ud835\udc22\ud835\udc2f \ud835\udc29\ud835\udc1e\ud835\udc27\ud835\udc2d\ud835\udc2b\ud835\udc2e \ud835\udc29\ud835\udc1e\ud835\udc27\ud835\udc2c\ud835\udc22\ud835\udc22\ud835\udc25\ud835\udc1e \ud835\udc26\ud835\udc22\ud835\udc25\ud835\udc22\ud835\udc2d\ud835\udc1a\ud835\udc2b\ud835\udc1e \ud835\udc1e\ud835\udc2c\ud835\udc2d\ud835\udc1e \ud835\udc27\ud835\udc1e\ud835\udc1c\ud835\udc28\ud835\udc27\ud835\udc2c\ud835\udc2d\ud835\udc22\ud835\udc2d\ud835\udc2e\ud835\udc2d\u0326\ud835\udc22\ud835\udc28\ud835\udc27\ud835\udc1a\ud835\udc25! \ud835\udc08\ud835\udc1a\ud835\udc2d\ud835\udc1a\u0306 \ud835\udc1c\ud835\udc1e \ud835\udc2d\ud835\udc2b\ud835\udc1e\ud835\udc1b\ud835\udc2e\ud835\udc22\ud835\udc1e \ud835\udc2c\ud835\udc1a\u0306 \ud835\udc1f\ud835\udc1a\ud835\udc1c\ud835\udc22 \ud835\udc29\ud835\udc1e\ud835\udc27\ud835\udc2d\ud835\udc2b\ud835\udc2e \ud835\udc1a \ud835\udc22\u0302\ud835\udc2d\u0326\ud835\udc22 \ud835\udc2b\ud835\udc1e\ud835\udc1c\ud835\udc2e\ud835\udc29\ud835\udc1e\ud835\udc2b\ud835\udc1a \ud835\udc1b\ud835\udc1a\ud835\udc27\ud835\udc22\ud835\udc22 \ud835\udc2b\ud835\udc1e\ud835\udc2d\u0326\ud835\udc22\ud835\udc27\ud835\udc2e\ud835\udc2d\u0326\ud835\udc22 \ud835\udc22\ud835\udc25\ud835\udc1e\ud835\udc20\ud835\udc1a\ud835\udc25!<\/a><time datetime=\"2025-06-10T11:12:00+00:00\" class=\"wp-block-latest-posts__post-date\">June 10, 2025<\/time><div class=\"wp-block-latest-posts__post-excerpt\">Impozitul progresiv pe pensiile militare este neconstitu\u021bional \u2013 Afl\u0103 cum po\u021bi recupera banii re\u021binu\u021bi ilegal\u2026 <a class=\"wp-block-latest-posts__read-more\" href=\"https:\/\/dima.legal\/index.php\/2025\/06\/10\/recalculare-pensii-militare\/\" rel=\"noopener noreferrer\">Read more<span class=\"screen-reader-text\">: \ud835\udc11\ud835\udc1e\ud835\udc1c\ud835\udc1a\ud835\udc25\ud835\udc1c\ud835\udc2e\ud835\udc25\ud835\udc1a\ud835\udc2b\ud835\udc1e \ud835\udc29\ud835\udc1e\ud835\udc27\ud835\udc2c\ud835\udc22\ud835\udc22 \ud835\udc26\ud835\udc22\ud835\udc25\ud835\udc22\ud835\udc2d\ud835\udc1a\ud835\udc2b\ud835\udc1e &#8211; \ud835\udc08\ud835\udc26\ud835\udc29\ud835\udc28\ud835\udc33\ud835\udc22\ud835\udc2d\ud835\udc2e\ud835\udc25 \ud835\udc29\ud835\udc2b\ud835\udc28\ud835\udc20\ud835\udc2b\ud835\udc1e\ud835\udc2c\ud835\udc22\ud835\udc2f \ud835\udc29\ud835\udc1e\ud835\udc27\ud835\udc2d\ud835\udc2b\ud835\udc2e \ud835\udc29\ud835\udc1e\ud835\udc27\ud835\udc2c\ud835\udc22\ud835\udc22\ud835\udc25\ud835\udc1e \ud835\udc26\ud835\udc22\ud835\udc25\ud835\udc22\ud835\udc2d\ud835\udc1a\ud835\udc2b\ud835\udc1e \ud835\udc1e\ud835\udc2c\ud835\udc2d\ud835\udc1e \ud835\udc27\ud835\udc1e\ud835\udc1c\ud835\udc28\ud835\udc27\ud835\udc2c\ud835\udc2d\ud835\udc22\ud835\udc2d\ud835\udc2e\ud835\udc2d\u0326\ud835\udc22\ud835\udc28\ud835\udc27\ud835\udc1a\ud835\udc25! \ud835\udc08\ud835\udc1a\ud835\udc2d\ud835\udc1a\u0306 \ud835\udc1c\ud835\udc1e \ud835\udc2d\ud835\udc2b\ud835\udc1e\ud835\udc1b\ud835\udc2e\ud835\udc22\ud835\udc1e \ud835\udc2c\ud835\udc1a\u0306 \ud835\udc1f\ud835\udc1a\ud835\udc1c\ud835\udc22 \ud835\udc29\ud835\udc1e\ud835\udc27\ud835\udc2d\ud835\udc2b\ud835\udc2e \ud835\udc1a \ud835\udc22\u0302\ud835\udc2d\u0326\ud835\udc22 \ud835\udc2b\ud835\udc1e\ud835\udc1c\ud835\udc2e\ud835\udc29\ud835\udc1e\ud835\udc2b\ud835\udc1a \ud835\udc1b\ud835\udc1a\ud835\udc27\ud835\udc22\ud835\udc22 \ud835\udc2b\ud835\udc1e\ud835\udc2d\u0326\ud835\udc22\ud835\udc27\ud835\udc2e\ud835\udc2d\u0326\ud835\udc22 \ud835\udc22\ud835\udc25\ud835\udc1e\ud835\udc20\ud835\udc1a\ud835\udc25!<\/span><\/a><\/div><\/li>\n<li><a class=\"wp-block-latest-posts__post-title\" href=\"https:\/\/dima.legal\/index.php\/2023\/07\/03\/blog-2\/\">Lansare website dima.legal<\/a><time datetime=\"2023-07-03T08:00:29+00:00\" class=\"wp-block-latest-posts__post-date\">July 3, 2023<\/time><div class=\"wp-block-latest-posts__post-excerpt\">Pentru c\u0103 orice business trebuie s\u0103 aib\u0103 o prezen\u021b\u0103 \u00een mediul online, cu drag v\u0103\u2026 <a class=\"wp-block-latest-posts__read-more\" href=\"https:\/\/dima.legal\/index.php\/2023\/07\/03\/blog-2\/\" rel=\"noopener noreferrer\">Read more<span class=\"screen-reader-text\">: Lansare website dima.legal<\/span><\/a><\/div><\/li>\n<li><a class=\"wp-block-latest-posts__post-title\" href=\"https:\/\/dima.legal\/index.php\/2022\/10\/15\/blog-4\/\">\u00cencadrare \u00een grad de handicap. Proces c\u00e2\u0219tigat. Contencios administrativ.<\/a><time datetime=\"2022-10-15T15:25:29+00:00\" class=\"wp-block-latest-posts__post-date\">October 15, 2022<\/time><div class=\"wp-block-latest-posts__post-excerpt\">Satisfac\u021bia profesional\u0103 \u00een profesia de avocat vine \u00een special \u00een momentul \u00een care reu\u0219e\u0219ti s\u0103\u2026 <a class=\"wp-block-latest-posts__read-more\" href=\"https:\/\/dima.legal\/index.php\/2022\/10\/15\/blog-4\/\" rel=\"noopener noreferrer\">Read more<span class=\"screen-reader-text\">: \u00cencadrare \u00een grad de handicap. Proces c\u00e2\u0219tigat. Contencios administrativ.<\/span><\/a><\/div><\/li>\n<\/ul><\/div><\/div>\n","protected":false},"excerpt":{"rendered":"","protected":false},"author":1,"featured_media":304,"parent":0,"menu_order":0,"comment_status":"closed","ping_status":"closed","template":"","meta":{"_regular_price":[],"currency_symbol":[],"footnotes":""},"class_list":["post-34","page","type-page","status-publish","has-post-thumbnail","hentry"],"post_slider_layout_featured_media_urls":{"thumbnail":["https:\/\/dima.legal\/wp-content\/uploads\/2023\/02\/8-150x150.jpg",150,150,true],"post_slider_layout_landscape_large":["https:\/\/dima.legal\/wp-content\/uploads\/2023\/02\/8-1200x800.jpg",1200,800,true],"post_slider_layout_portrait_large":["https:\/\/dima.legal\/wp-content\/uploads\/2023\/02\/8-1200x800.jpg",1200,800,true],"post_slider_layout_square_large":["https:\/\/dima.legal\/wp-content\/uploads\/2023\/02\/8-1200x800.jpg",1200,800,true],"post_slider_layout_landscape":["https:\/\/dima.legal\/wp-content\/uploads\/2023\/02\/8-600x400.jpg",600,400,true],"post_slider_layout_portrait":["https:\/\/dima.legal\/wp-content\/uploads\/2023\/02\/8-600x800.jpg",600,800,true],"post_slider_layout_square":["https:\/\/dima.legal\/wp-content\/uploads\/2023\/02\/8-600x600.jpg",600,600,true],"full":["https:\/\/dima.legal\/wp-content\/uploads\/2023\/02\/8.jpg",1280,800,false]},"yoast_head":"<!-- This site is optimized with the Yoast SEO plugin v27.3 - https:\/\/yoast.com\/product\/yoast-seo-wordpress\/ -->\n<title>Noutati - Avocat Alexandru Dima<\/title>\n<meta name=\"robots\" content=\"index, follow, max-snippet:-1, max-image-preview:large, max-video-preview:-1\" \/>\n<link rel=\"canonical\" href=\"https:\/\/dima.legal\/index.php\/noutati\/\" \/>\n<meta property=\"og:locale\" content=\"en_US\" \/>\n<meta property=\"og:type\" content=\"article\" \/>\n<meta property=\"og:title\" content=\"Noutati - Avocat Alexandru Dima\" \/>\n<meta property=\"og:url\" content=\"https:\/\/dima.legal\/index.php\/noutati\/\" \/>\n<meta property=\"og:site_name\" content=\"Avocat Alexandru Dima\" \/>\n<meta property=\"article:publisher\" content=\"https:\/\/www.facebook.com\/avocat.alexandrudima\/\" \/>\n<meta property=\"article:modified_time\" content=\"2023-07-04T08:12:48+00:00\" \/>\n<meta property=\"og:image\" content=\"https:\/\/dima.legal\/wp-content\/uploads\/2023\/02\/8.jpg\" \/>\n\t<meta property=\"og:image:width\" content=\"1280\" \/>\n\t<meta property=\"og:image:height\" content=\"800\" \/>\n\t<meta property=\"og:image:type\" content=\"image\/jpeg\" \/>\n<meta name=\"twitter:card\" content=\"summary_large_image\" \/>\n<script type=\"application\/ld+json\" class=\"yoast-schema-graph\">{\"@context\":\"https:\\\/\\\/schema.org\",\"@graph\":[{\"@type\":\"WebPage\",\"@id\":\"https:\\\/\\\/dima.legal\\\/index.php\\\/noutati\\\/\",\"url\":\"https:\\\/\\\/dima.legal\\\/index.php\\\/noutati\\\/\",\"name\":\"Noutati - Avocat Alexandru Dima\",\"isPartOf\":{\"@id\":\"https:\\\/\\\/dima.legal\\\/#website\"},\"primaryImageOfPage\":{\"@id\":\"https:\\\/\\\/dima.legal\\\/index.php\\\/noutati\\\/#primaryimage\"},\"image\":{\"@id\":\"https:\\\/\\\/dima.legal\\\/index.php\\\/noutati\\\/#primaryimage\"},\"thumbnailUrl\":\"https:\\\/\\\/dima.legal\\\/wp-content\\\/uploads\\\/2023\\\/02\\\/8.jpg\",\"datePublished\":\"2022-10-15T15:28:53+00:00\",\"dateModified\":\"2023-07-04T08:12:48+00:00\",\"breadcrumb\":{\"@id\":\"https:\\\/\\\/dima.legal\\\/index.php\\\/noutati\\\/#breadcrumb\"},\"inLanguage\":\"en-US\",\"potentialAction\":[{\"@type\":\"ReadAction\",\"target\":[\"https:\\\/\\\/dima.legal\\\/index.php\\\/noutati\\\/\"]}]},{\"@type\":\"ImageObject\",\"inLanguage\":\"en-US\",\"@id\":\"https:\\\/\\\/dima.legal\\\/index.php\\\/noutati\\\/#primaryimage\",\"url\":\"https:\\\/\\\/dima.legal\\\/wp-content\\\/uploads\\\/2023\\\/02\\\/8.jpg\",\"contentUrl\":\"https:\\\/\\\/dima.legal\\\/wp-content\\\/uploads\\\/2023\\\/02\\\/8.jpg\",\"width\":1280,\"height\":800,\"caption\":\"Alex Dima\"},{\"@type\":\"BreadcrumbList\",\"@id\":\"https:\\\/\\\/dima.legal\\\/index.php\\\/noutati\\\/#breadcrumb\",\"itemListElement\":[{\"@type\":\"ListItem\",\"position\":1,\"name\":\"Home\",\"item\":\"https:\\\/\\\/dima.legal\\\/\"},{\"@type\":\"ListItem\",\"position\":2,\"name\":\"Noutati\"}]},{\"@type\":\"WebSite\",\"@id\":\"https:\\\/\\\/dima.legal\\\/#website\",\"url\":\"https:\\\/\\\/dima.legal\\\/\",\"name\":\"Avocat Alexandru Dima\",\"description\":\"Legal insight. Business instinct\",\"publisher\":{\"@id\":\"https:\\\/\\\/dima.legal\\\/#organization\"},\"potentialAction\":[{\"@type\":\"SearchAction\",\"target\":{\"@type\":\"EntryPoint\",\"urlTemplate\":\"https:\\\/\\\/dima.legal\\\/?s={search_term_string}\"},\"query-input\":{\"@type\":\"PropertyValueSpecification\",\"valueRequired\":true,\"valueName\":\"search_term_string\"}}],\"inLanguage\":\"en-US\"},{\"@type\":\"Organization\",\"@id\":\"https:\\\/\\\/dima.legal\\\/#organization\",\"name\":\"Avocat Alexandru Dima\",\"url\":\"https:\\\/\\\/dima.legal\\\/\",\"logo\":{\"@type\":\"ImageObject\",\"inLanguage\":\"en-US\",\"@id\":\"https:\\\/\\\/dima.legal\\\/#\\\/schema\\\/logo\\\/image\\\/\",\"url\":\"https:\\\/\\\/dima.legal\\\/wp-content\\\/uploads\\\/2023\\\/02\\\/8.jpg\",\"contentUrl\":\"https:\\\/\\\/dima.legal\\\/wp-content\\\/uploads\\\/2023\\\/02\\\/8.jpg\",\"width\":1280,\"height\":800,\"caption\":\"Avocat Alexandru Dima\"},\"image\":{\"@id\":\"https:\\\/\\\/dima.legal\\\/#\\\/schema\\\/logo\\\/image\\\/\"},\"sameAs\":[\"https:\\\/\\\/www.facebook.com\\\/avocat.alexandrudima\\\/\",\"https:\\\/\\\/www.linkedin.com\\\/in\\\/avocatalexandrudima\\\/\"]}]}<\/script>\n<!-- \/ Yoast SEO plugin. -->","yoast_head_json":{"title":"Noutati - Avocat Alexandru Dima","robots":{"index":"index","follow":"follow","max-snippet":"max-snippet:-1","max-image-preview":"max-image-preview:large","max-video-preview":"max-video-preview:-1"},"canonical":"https:\/\/dima.legal\/index.php\/noutati\/","og_locale":"en_US","og_type":"article","og_title":"Noutati - Avocat Alexandru Dima","og_url":"https:\/\/dima.legal\/index.php\/noutati\/","og_site_name":"Avocat Alexandru Dima","article_publisher":"https:\/\/www.facebook.com\/avocat.alexandrudima\/","article_modified_time":"2023-07-04T08:12:48+00:00","og_image":[{"width":1280,"height":800,"url":"https:\/\/dima.legal\/wp-content\/uploads\/2023\/02\/8.jpg","type":"image\/jpeg"}],"twitter_card":"summary_large_image","schema":{"@context":"https:\/\/schema.org","@graph":[{"@type":"WebPage","@id":"https:\/\/dima.legal\/index.php\/noutati\/","url":"https:\/\/dima.legal\/index.php\/noutati\/","name":"Noutati - Avocat Alexandru Dima","isPartOf":{"@id":"https:\/\/dima.legal\/#website"},"primaryImageOfPage":{"@id":"https:\/\/dima.legal\/index.php\/noutati\/#primaryimage"},"image":{"@id":"https:\/\/dima.legal\/index.php\/noutati\/#primaryimage"},"thumbnailUrl":"https:\/\/dima.legal\/wp-content\/uploads\/2023\/02\/8.jpg","datePublished":"2022-10-15T15:28:53+00:00","dateModified":"2023-07-04T08:12:48+00:00","breadcrumb":{"@id":"https:\/\/dima.legal\/index.php\/noutati\/#breadcrumb"},"inLanguage":"en-US","potentialAction":[{"@type":"ReadAction","target":["https:\/\/dima.legal\/index.php\/noutati\/"]}]},{"@type":"ImageObject","inLanguage":"en-US","@id":"https:\/\/dima.legal\/index.php\/noutati\/#primaryimage","url":"https:\/\/dima.legal\/wp-content\/uploads\/2023\/02\/8.jpg","contentUrl":"https:\/\/dima.legal\/wp-content\/uploads\/2023\/02\/8.jpg","width":1280,"height":800,"caption":"Alex Dima"},{"@type":"BreadcrumbList","@id":"https:\/\/dima.legal\/index.php\/noutati\/#breadcrumb","itemListElement":[{"@type":"ListItem","position":1,"name":"Home","item":"https:\/\/dima.legal\/"},{"@type":"ListItem","position":2,"name":"Noutati"}]},{"@type":"WebSite","@id":"https:\/\/dima.legal\/#website","url":"https:\/\/dima.legal\/","name":"Avocat Alexandru Dima","description":"Legal insight. Business instinct","publisher":{"@id":"https:\/\/dima.legal\/#organization"},"potentialAction":[{"@type":"SearchAction","target":{"@type":"EntryPoint","urlTemplate":"https:\/\/dima.legal\/?s={search_term_string}"},"query-input":{"@type":"PropertyValueSpecification","valueRequired":true,"valueName":"search_term_string"}}],"inLanguage":"en-US"},{"@type":"Organization","@id":"https:\/\/dima.legal\/#organization","name":"Avocat Alexandru Dima","url":"https:\/\/dima.legal\/","logo":{"@type":"ImageObject","inLanguage":"en-US","@id":"https:\/\/dima.legal\/#\/schema\/logo\/image\/","url":"https:\/\/dima.legal\/wp-content\/uploads\/2023\/02\/8.jpg","contentUrl":"https:\/\/dima.legal\/wp-content\/uploads\/2023\/02\/8.jpg","width":1280,"height":800,"caption":"Avocat Alexandru Dima"},"image":{"@id":"https:\/\/dima.legal\/#\/schema\/logo\/image\/"},"sameAs":["https:\/\/www.facebook.com\/avocat.alexandrudima\/","https:\/\/www.linkedin.com\/in\/avocatalexandrudima\/"]}]}},"_links":{"self":[{"href":"https:\/\/dima.legal\/index.php\/wp-json\/wp\/v2\/pages\/34","targetHints":{"allow":["GET"]}}],"collection":[{"href":"https:\/\/dima.legal\/index.php\/wp-json\/wp\/v2\/pages"}],"about":[{"href":"https:\/\/dima.legal\/index.php\/wp-json\/wp\/v2\/types\/page"}],"author":[{"embeddable":true,"href":"https:\/\/dima.legal\/index.php\/wp-json\/wp\/v2\/users\/1"}],"replies":[{"embeddable":true,"href":"https:\/\/dima.legal\/index.php\/wp-json\/wp\/v2\/comments?post=34"}],"version-history":[{"count":4,"href":"https:\/\/dima.legal\/index.php\/wp-json\/wp\/v2\/pages\/34\/revisions"}],"predecessor-version":[{"id":350,"href":"https:\/\/dima.legal\/index.php\/wp-json\/wp\/v2\/pages\/34\/revisions\/350"}],"wp:featuredmedia":[{"embeddable":true,"href":"https:\/\/dima.legal\/index.php\/wp-json\/wp\/v2\/media\/304"}],"wp:attachment":[{"href":"https:\/\/dima.legal\/index.php\/wp-json\/wp\/v2\/media?parent=34"}],"curies":[{"name":"wp","href":"https:\/\/api.w.org\/{rel}","templated":true}]}}